{"id":990,"date":"2020-04-14T14:45:56","date_gmt":"2020-04-14T13:45:56","guid":{"rendered":"https:\/\/www.haflinger-royal.com\/cookie-policy\/"},"modified":"2020-04-14T14:45:57","modified_gmt":"2020-04-14T13:45:57","slug":"cookie-policy","status":"publish","type":"page","link":"https:\/\/www.haflinger-royal.com\/it\/cookie-policy\/","title":{"rendered":"Cookie Policy"},"content":{"rendered":"<p>[et_pb_section fb_built=&#8221;1&#8243; admin_label=&#8221;Header&#8221; _builder_version=&#8221;4.4.2&#8243; use_background_color_gradient=&#8221;on&#8221; background_color_gradient_start=&#8221;rgba(255,255,255,0.5)&#8221; background_color_gradient_end=&#8221;rgba(255,255,255,0.62)&#8221; background_color_gradient_direction=&#8221;140deg&#8221; background_color_gradient_overlays_image=&#8221;on&#8221; background_image=&#8221;https:\/\/www.haflinger-royal.com\/wp-content\/uploads\/2020\/04\/Haflinger-Royal-1.jpeg&#8221; max_width=&#8221;90%&#8221; custom_padding=&#8221;6vw||6vw|10vw|true|false&#8221; hover_enabled=&#8221;0&#8243; box_shadow_style=&#8221;preset4&#8243; box_shadow_horizontal=&#8221;30vw&#8221; box_shadow_vertical=&#8221;-15vw&#8221; box_shadow_color=&#8221;#dcc59d&#8221; locked=&#8221;off&#8221;][et_pb_row _builder_version=&#8221;4.0.9&#8243; width=&#8221;90%&#8221; max_width=&#8221;none&#8221; locked=&#8221;off&#8221;][et_pb_column type=&#8221;4_4&#8243; _builder_version=&#8221;4.0.9&#8243;][et_pb_text _builder_version=&#8221;4.4.2&#8243; header_font=&#8221;Playfair Display|700|||||||&#8221; header_font_size=&#8221;140px&#8221; header_line_height=&#8221;1.2em&#8221; header_2_font=&#8221;Playfair Display|700|||||||&#8221; header_2_font_size=&#8221;20px&#8221; header_2_line_height=&#8221;1.2em&#8221; hover_enabled=&#8221;0&#8243; header_font_size_tablet=&#8221;80px&#8221; header_font_size_phone=&#8221;40px&#8221; header_font_size_last_edited=&#8221;on|phone&#8221; locked=&#8221;off&#8221;]<\/p>\n<h1>Cookie Policy<\/h1>\n<p>[\/et_pb_text][\/et_pb_column][\/et_pb_row][\/et_pb_section][et_pb_section fb_built=&#8221;1&#8243; admin_label=&#8221;About&#8221; _builder_version=&#8221;4.4.2&#8243; background_enable_image=&#8221;off&#8221; background_size=&#8221;initial&#8221;][et_pb_row _builder_version=&#8221;4.1&#8243;][et_pb_column type=&#8221;4_4&#8243; _builder_version=&#8221;4.0.9&#8243;][et_pb_text _builder_version=&#8221;4.4.2&#8243; text_font_size=&#8221;16px&#8221; text_line_height=&#8221;2em&#8221; header_font=&#8221;||||||||&#8221; header_3_font=&#8221;Playfair Display|700|||||||&#8221; header_3_font_size=&#8221;50px&#8221; header_3_line_height=&#8221;1.2em&#8221; custom_padding=&#8221;5px|20px|5px|20px|true|true&#8221; custom_padding_tablet=&#8221;&#8221; custom_padding_phone=&#8221;&#8221; custom_padding_last_edited=&#8221;on|desktop&#8221; hover_enabled=&#8221;0&#8243; text_font_size_tablet=&#8221;&#8221; text_font_size_phone=&#8221;16px&#8221; text_font_size_last_edited=&#8221;on|phone&#8221; header_3_font_size_tablet=&#8221;40px&#8221; header_3_font_size_phone=&#8221;30px&#8221; header_3_font_size_last_edited=&#8221;on|phone&#8221; border_width_all=&#8221;2px&#8221; border_color_all=&#8221;#2e444e&#8221; border_style_all=&#8221;dashed&#8221; box_shadow_style=&#8221;preset6&#8243; box_shadow_spread=&#8221;11px&#8221; box_shadow_position=&#8221;outer&#8221; locked=&#8221;off&#8221;]<\/p>\n<h3><strong>Cosa sono i cookie?<\/strong><\/h3>\n<p>I cookie sono piccoli file di testo che vengono salvati sul tuo computer quando visiti determinati siti internet.<\/p>\n<p>Per il sito web e relativi sotto-domini utilizziamo cookie, chiedendone il consenso all\u2019utente ove la legge o i regolamenti applicabili lo prevedano, per agevolare la navigazione e personalizzare le informazioni rivolte all\u2019utente. Utilizziamo inoltre sistemi simili per raccogliere informazioni sugli utenti, quali ad esempio indirizzo IP, tipo di browser e sistema operativo utilizzato e\/o pagine web visitate da un utente, per finalit\u00e0 statistiche o di sicurezza.<br \/>\nTi informiamo che se deciderai di disabilitare o rifiutare i cookie alcune parti del sito web\u00a0\u2013 e relativi sotto-domini potrebbero essere inaccessibili o non funzionare correttamente.<br \/>\nPertanto per un utilizzo agevolato e completo di questo sito sarebbe opportuno che l\u2019utente configurasse il proprio browser in modo che accetti la ricezione di tali cookie<br \/>\nI cookie non sono dannosi per il tuo computer, tablet o smartphone. Nei cookie generati dal sito\u00a0web , non vengono conservate dati identificative personali ma solo informazioni criptate.<br \/>\n[\/et_pb_text][\/et_pb_column][\/et_pb_row][et_pb_row column_structure=&#8221;1_2,1_2&#8243; use_custom_gutter=&#8221;on&#8221; gutter_width=&#8221;1&#8243; _builder_version=&#8221;4.1&#8243;][et_pb_column type=&#8221;1_2&#8243; _builder_version=&#8221;4.0.9&#8243;][et_pb_image src=&#8221;https:\/\/www.haflinger-royal.com\/wp-content\/uploads\/2020\/04\/Haflinger-Royal-2.jpeg&#8221; _builder_version=&#8221;4.4.2&#8243; custom_margin=&#8221;|||-10vw|false|false&#8221;][\/et_pb_image][\/et_pb_column][et_pb_column type=&#8221;1_2&#8243; _builder_version=&#8221;4.1&#8243; background_color=&#8221;rgba(225,204,165,0.43)&#8221; custom_padding=&#8221;100px|50px|100px|50px|true|true&#8221;][et_pb_toggle title=&#8221;Tipologie di cookie&#8221; open=&#8221;on&#8221; _builder_version=&#8221;4.4.2&#8243; hover_enabled=&#8221;0&#8243;]Il sito web e relativi sotto-domini utilizzano i seguenti cookie:<br \/>\n[\/et_pb_toggle][et_pb_toggle title=&#8221;Cookie tecnici&#8221; _builder_version=&#8221;4.4.2&#8243; hover_enabled=&#8221;0&#8243;]Questi cookie sono fondamentali per permetterti di navigare sul sito ed utilizzare le sue funzionalit\u00e0. Senza cookie \u00e8 possibile che alcune funzionalit\u00e0 non siano accessibili o non funzionino correttamente.<br \/>\nI cookie strettamente necessari sono utilizzati per memorizzare un identificatore al fine di individuare l\u2019utente in modo unico rispetto ad altri utenti, in modo da fornire all\u2019utente un servizio coerente e preciso.<br \/>\n[\/et_pb_toggle][et_pb_toggle title=&#8221;Performance cookie&#8221; _builder_version=&#8221;4.4.2&#8243; hover_enabled=&#8221;0&#8243;]Questi cookie possono essere nostri o di partner, di sessione o persistenti. Il loro utilizzo \u00e8 limitato alla performance e al miglioramento del sito. Questi cookie non raccolgono informazioni che possono identificare l\u2019utente. Tutte le informazioni raccolte da questi cookie sono aggregate in forma anonima e sono utilizzate solo per migliorare la funzionalit\u00e0 del sito.<br \/>\n[\/et_pb_toggle][et_pb_toggle title=&#8221;Cookie funzionali&#8221; _builder_version=&#8221;4.4.2&#8243; hover_enabled=&#8221;0&#8243;]I cookie solitamente sono conseguenti ad un\u2019azione dell\u2019utente, ma possono essere anche implementati nella fornitura di un servizio, non esplicitamente richiesto, ma offerto all\u2019utente. Possono essere inoltre utilizzati per evitare di offrire nuovamente ad uno specifico utente un servizio gi\u00e0 proposto. Inoltre, questi cookie permettono al sito di tenere traccia delle scelte dell\u2019utente. Le informazioni raccolte da questi cookie sono anonime e non possono ricondurre il comportamento dell\u2019utente su altri siti.<br \/>\n[\/et_pb_toggle][et_pb_toggle title=&#8221;Cookie di terze parti per marketing&#8221; _builder_version=&#8221;4.4.2&#8243; hover_enabled=&#8221;0&#8243;]Questi cookie sono utilizzati da partner del sito web, al fine di proporre nostri messaggi pubblicitari quando visiti altri siti, mostrando ad esempio gli ultimi prodotti che hai visualizzato sul sito. Questi cookie possono essere utilizzati anche per mostrare prodotti che potrebbero interessarti o simili a quelli che hai visualizzato precedentemente. L\u2019uso di questi cookie non implica il trattamento di dati personali, ma pu\u00f2 consentire la connessione al browser installato sul tuo computer o su altri dispositivi utilizzati durante la navigazione.<br \/>\n[\/et_pb_toggle][et_pb_toggle title=&#8221;Elenco dei Cookie&#8221; _builder_version=&#8221;4.4.2&#8243; hover_enabled=&#8221;0&#8243;]Elenco di tutti i cookie utilizzati sul sito?<\/p>\n<ul>\n<li><strong>wp-settings-1*, WordPress<\/strong><\/li>\n<li><strong>wp-settings-time-1*, WordPress<\/strong><\/li>\n<li><strong>_icl_current_language , WPML.org<\/strong><\/li>\n<li><strong>_icl_visitor_lang_js<\/strong>,\u00a0<strong>org<\/strong><\/li>\n<li><strong>_wpml_browser_redirect_test<\/strong>,\u00a0<strong>org<\/strong><\/li>\n<li><strong>_ga, allgemeines Cookie von Google Analytics<\/strong><\/li>\n<li><strong>_utmb, Cookie von Google Analytics f\u00fcr das ann\u00e4hernde Feststellen der Absprungrate (bounce rate) auf den Seiten<\/strong><\/li>\n<li><strong>_utmz, Cookie von Google Analytics f\u00fcr die Verfolgung der Herkunft einer Anfrage (von Links, Lesezeichen, Suchmaschinen etc.)<\/strong><\/li>\n<li><strong>_gat, Google Analytics<\/strong><\/li>\n<li><strong>_gid, Google Analytics<\/strong><\/li>\n<li><strong>_gat_gtag<\/strong><strong> UA-161938602-1<\/strong><strong>, <\/strong><strong>Google Analytics<\/strong><\/li>\n<\/ul>\n<p>[\/et_pb_toggle][et_pb_toggle title=&#8221;Come disabilitare i cookie&#8221; _builder_version=&#8221;4.4.2&#8243; hover_enabled=&#8221;0&#8243;]Le norme sulla protezione dei dati personali prevedono che l\u2019utente possa disabilitare cookie gi\u00e0 somministrati (\u201copt-out\u201d). L\u2019opt-out \u00e8 previsto per i cd. \u201ccookie tecnici\u201d (art.122 del Codice della Privacy),nonch\u00e9 per i cookie che non rientrino tra i \u201ccookie tecnici\u201d precedentemente accettati (\u201copt in\u201d) dall\u2019utente.<br \/>\n[\/et_pb_toggle][et_pb_toggle title=&#8221;Come disabilitare i cookie nei vari browser&#8221; _builder_version=&#8221;4.4.2&#8243; hover_enabled=&#8221;0&#8243;]<strong>Internet Explorer<\/strong><br \/>\nPer informazioni dettagliate, si prega di visitare il sito:<br \/>\n<a href=\"https:\/\/support.microsoft.com\/it-it\/products\/windows?os=windows-10\">https:\/\/support.microsoft.com\/it-it\/products\/windows?os=windows-10<\/a><\/p>\n<p><strong>\u00a0<\/strong><\/p>\n<p><strong>Firefox<\/strong><\/p>\n<p>Per informazioni dettagliate, si prega di visitare il sito:<br \/>\n<a href=\"https:\/\/support.mozilla.org\/it\/kb\/Bloccare%20i%20cookie\">https:\/\/support.mozilla.org\/it\/kb\/Bloccare%20i%20cookie<\/a><\/p>\n<p><strong>\u00a0<\/strong><\/p>\n<p><strong>Safari<\/strong><br \/>\nPer informazioni dettagliate, si prega di visitare il sito:<br \/>\n<a href=\"https:\/\/support.apple.com\/kb\/PH5042?locale=en_US\">https:\/\/support.apple.com\/kb\/PH5042?locale=en_US<\/a><\/p>\n<p><strong>\u00a0<\/strong><\/p>\n<p><strong>Google Chrome<\/strong><\/p>\n<p>Per informazioni dettagliate, si prega di visitare il sito:<br \/>\n<a href=\"https:\/\/support.google.com\/chrome\/answer\/95647?hl=it\">https:\/\/support.google.com\/chrome\/answer\/95647?hl=it<\/a><\/p>\n<p>&nbsp;<\/p>\n<p>&nbsp;<\/p>\n<p>In forza di tale distinzione, l\u2019utente potr\u00e0 procedere alla disabilitazione e\/o cancellazione dei cookie (\u201copt-out\u201d) mediante le relative impostazioni del proprio browser e alla disabilitazione e\/o cancellazione dei singoli cookie non \u201ctecnici\u201d somministrati dalle terze parti accedendo al sito web gestito da European Interactive Digital Advertising Alliance (EDAA) all\u2019indirizzo\u00a0<a href=\"http:\/\/www.youronlinechoices.eu\/\">www.youronlinechoices.eu<\/a>.<br \/>\n[\/et_pb_toggle][et_pb_toggle title=&#8221;Informazioni generali su Google Analytics&#8221; _builder_version=&#8221;4.4.2&#8243; hover_enabled=&#8221;0&#8243;]Desideriamo sottolineare che nessun dato personale viene memorizzato dai cookie di profilazione utilizzati e nessun profilo utente viene unito ai vostri dati personali. Nessuna persona pu\u00f2 essere identificata tramite il cookie di profilazione, ma vengono memorizzate solo informazioni che consentono di ottenere informazioni anonime per la compilazione mirata di campagne di marketing basate sugli interessi.<\/p>\n<p>Se volete impedire l&#8217;impostazione dei cookie di profilazione, bloccateli direttamente tramite le impostazioni del browser!<\/p>\n<p>Utilizzando il presente sito web, l&#8217;utente acconsente al trattamento dei dati raccolti da Google e\/o da altri servizi di analisi web per le modalit\u00e0 sopra descritte e per le finalit\u00e0 sopra indicate.<\/p>\n<p>Tracciamento web &#8211; Google Analytics<\/p>\n<p>Per migliorare e ottimizzare costantemente la nostra offerta, utilizziamo le cosiddette tecnologie di tracciamento. Questo sito web utilizza Google Analytics, un servizio di analisi web di Google Inc. (&#8220;Google&#8221;). Google Analytics utilizza i cookies, che consentono un&#8217;analisi dell&#8217;utilizzo del sito web da parte dell&#8217;utente, allo scopo di determinare l&#8217;attrattiva dei nostri siti web e di migliorarne le prestazioni e i contenuti. Le informazioni generate dal cookie sull&#8217;utilizzo di questo sito web da parte vostra (compreso il vostro indirizzo IP) vengono trasmesse a un server di Google negli Stati Uniti e l\u00ec memorizzate. Su incarico del gestore di questo sito web, Google utilizzer\u00e0 queste informazioni allo scopo di tracciare e esaminare il Vostro utilizzo del sito web, compilare report sulle attivit\u00e0 del sito web e fornire altri servizi relativi alle attivit\u00e0 del sito web e all&#8217;utilizzo di Internet. Google pu\u00f2 anche trasferire queste informazioni a terzi ove ci\u00f2 sia imposto dalla legge o laddove tali terzi trattino le suddette informazioni per conto di Google e\/o di altri fornitori di servizi di analisi web. In nessun caso il vostro indirizzo IP sar\u00e0 associato ad altri dati di Google e\/o di altri fornitori di servizi di analisi web.<\/p>\n<p>Potete rifiutarvi di usare i cookies selezionando l&#8217;impostazione appropriata sul vostro browser, tuttavia vi preghiamo di notare che se lo fate potreste non essere in grado di utilizzare tutte le funzionalit\u00e0 di questo sito web. Potete anche impedire la raccolta dei dati generati dal cookie e relativi al vostro utilizzo del sito web (compreso il vostro indirizzo IP) da parte di Google e l&#8217;elaborazione di questi dati da parte di Google scaricando e installando il plugin del browser disponibile sotto il link tools.google.com\/dlpage\/gaoptout.<\/p>\n<p>Informazioni su Google Analytics e sulla protezione dei dati sono disponibili sul sito http:\/\/www.google.com\/intl\/de\/analytics\/learn\/privacy.html<br \/>\n[\/et_pb_toggle][\/et_pb_column][\/et_pb_row][\/et_pb_section]<\/p>\n","protected":false},"excerpt":{"rendered":"<p>Cookie Policy Cosa sono i cookie? I cookie sono piccoli file di testo che vengono salvati sul tuo computer quando visiti determinati siti internet. Per il sito web e relativi sotto-domini utilizziamo cookie, chiedendone il consenso all\u2019utente ove la legge o i regolamenti applicabili lo prevedano, per agevolare la navigazione e personalizzare le informazioni rivolte [&hellip;]<\/p>\n","protected":false},"author":1,"featured_media":0,"parent":0,"menu_order":0,"comment_status":"closed","ping_status":"closed","template":"","meta":{"_et_pb_use_builder":"on","_et_pb_old_content":"","_et_gb_content_width":"","footnotes":""},"class_list":["post-990","page","type-page","status-publish","hentry"],"aioseo_notices":[],"_links":{"self":[{"href":"https:\/\/www.haflinger-royal.com\/it\/wp-json\/wp\/v2\/pages\/990","targetHints":{"allow":["GET"]}}],"collection":[{"href":"https:\/\/www.haflinger-royal.com\/it\/wp-json\/wp\/v2\/pages"}],"about":[{"href":"https:\/\/www.haflinger-royal.com\/it\/wp-json\/wp\/v2\/types\/page"}],"author":[{"embeddable":true,"href":"https:\/\/www.haflinger-royal.com\/it\/wp-json\/wp\/v2\/users\/1"}],"replies":[{"embeddable":true,"href":"https:\/\/www.haflinger-royal.com\/it\/wp-json\/wp\/v2\/comments?post=990"}],"version-history":[{"count":0,"href":"https:\/\/www.haflinger-royal.com\/it\/wp-json\/wp\/v2\/pages\/990\/revisions"}],"wp:attachment":[{"href":"https:\/\/www.haflinger-royal.com\/it\/wp-json\/wp\/v2\/media?parent=990"}],"curies":[{"name":"wp","href":"https:\/\/api.w.org\/{rel}","templated":true}]}}