{"id":984,"date":"2020-04-14T14:13:06","date_gmt":"2020-04-14T13:13:06","guid":{"rendered":"https:\/\/www.haflinger-royal.com\/credits\/"},"modified":"2020-04-14T14:13:07","modified_gmt":"2020-04-14T13:13:07","slug":"credits","status":"publish","type":"page","link":"https:\/\/www.haflinger-royal.com\/it\/credits\/","title":{"rendered":"Credits"},"content":{"rendered":"<p>[et_pb_section fb_built=&#8221;1&#8243; admin_label=&#8221;Header&#8221; _builder_version=&#8221;4.4.2&#8243; use_background_color_gradient=&#8221;on&#8221; background_color_gradient_start=&#8221;rgba(255,255,255,0.5)&#8221; background_color_gradient_end=&#8221;rgba(255,255,255,0.62)&#8221; background_color_gradient_direction=&#8221;140deg&#8221; background_color_gradient_overlays_image=&#8221;on&#8221; background_image=&#8221;https:\/\/www.haflinger-royal.com\/wp-content\/uploads\/2020\/04\/Haflinger-Royal-7.jpeg&#8221; max_width=&#8221;90%&#8221; custom_padding=&#8221;6vw||6vw|10vw|true|false&#8221; hover_enabled=&#8221;0&#8243; box_shadow_style=&#8221;preset4&#8243; box_shadow_horizontal=&#8221;30vw&#8221; box_shadow_vertical=&#8221;-15vw&#8221; box_shadow_color=&#8221;#dcc59d&#8221; locked=&#8221;off&#8221;][et_pb_row _builder_version=&#8221;4.0.9&#8243; width=&#8221;90%&#8221; max_width=&#8221;none&#8221; locked=&#8221;off&#8221;][et_pb_column type=&#8221;4_4&#8243; _builder_version=&#8221;4.0.9&#8243;][et_pb_text _builder_version=&#8221;4.4.2&#8243; header_font=&#8221;Playfair Display|700|||||||&#8221; header_font_size=&#8221;140px&#8221; header_line_height=&#8221;1.2em&#8221; header_2_font=&#8221;Playfair Display|700|||||||&#8221; header_2_font_size=&#8221;20px&#8221; header_2_line_height=&#8221;1.2em&#8221; hover_enabled=&#8221;0&#8243; header_font_size_tablet=&#8221;80px&#8221; header_font_size_phone=&#8221;40px&#8221; header_font_size_last_edited=&#8221;on|phone&#8221; locked=&#8221;off&#8221;]<\/p>\n<h1>Credits<\/h1>\n<p>[\/et_pb_text][\/et_pb_column][\/et_pb_row][\/et_pb_section][et_pb_section fb_built=&#8221;1&#8243; admin_label=&#8221;About&#8221; _builder_version=&#8221;4.4.2&#8243; background_size=&#8221;initial&#8221; hover_enabled=&#8221;0&#8243; background_enable_image=&#8221;off&#8221;][et_pb_row column_structure=&#8221;1_2,1_2&#8243; _builder_version=&#8221;4.1&#8243;][et_pb_column type=&#8221;1_2&#8243; _builder_version=&#8221;4.0.9&#8243;][et_pb_text _builder_version=&#8221;4.4.2&#8243; text_font_size=&#8221;16px&#8221; text_line_height=&#8221;2em&#8221; header_font=&#8221;||||||||&#8221; header_3_font=&#8221;Playfair Display|700|||||||&#8221; header_3_font_size=&#8221;50px&#8221; header_3_line_height=&#8221;1.2em&#8221; hover_enabled=&#8221;0&#8243; text_font_size_tablet=&#8221;&#8221; text_font_size_phone=&#8221;16px&#8221; text_font_size_last_edited=&#8221;on|phone&#8221; header_3_font_size_tablet=&#8221;40px&#8221; header_3_font_size_phone=&#8221;30px&#8221; header_3_font_size_last_edited=&#8221;on|phone&#8221; locked=&#8221;off&#8221; border_width_all=&#8221;2px&#8221; border_color_all=&#8221;#2e444e&#8221; border_style_all=&#8221;dashed&#8221; box_shadow_style=&#8221;preset6&#8243; box_shadow_spread=&#8221;11px&#8221; box_shadow_position=&#8221;outer&#8221; custom_padding=&#8221;5px|20px|5px|20px|true|true&#8221; custom_padding_last_edited=&#8221;on|desktop&#8221;]<\/p>\n<h5><strong>Committente e responsabile per i contenuti:<\/strong><\/h5>\n<p>&nbsp;<br \/>\nMueller Katja<\/p>\n<p>Sede legale:<\/p>\n<p>Via Monteleone 1<br \/>\n39010 \u2013 Cermes (BZ)<br \/>\nAlto Adige \u2013 Italia<\/p>\n<p>P.IVA.\u00a0\u00a003015900214<br \/>\nCod.Fisc. \u00a0MLLKTJ79A67I729I<\/p>\n<p>PEC Email: <a href=\"mailto:katja.mueller@pec.sbb.it\">katja.mueller@pec.sbb.it<\/a><br \/>\nEmail: <a href=\"mailto:info@haflinger-royal.com\">info@haflinger-royal.com<\/a><br \/>\nSito web: <a href=\"http:\/\/www.haflinger-royal.com\">www.haflinger-royal.com<\/a><\/p>\n<p>Tel.: +39-339-760-1396<\/p>\n<p>Codice destinatario: katja.mueller@pec.sbb.it<\/p>\n<p>Camera di Commercio di Bolzano REA BZ \u2013 224687[\/et_pb_text][\/et_pb_column][et_pb_column type=&#8221;1_2&#8243; _builder_version=&#8221;4.0.9&#8243;][et_pb_text _builder_version=&#8221;4.4.2&#8243; text_font_size=&#8221;16px&#8221; text_line_height=&#8221;2em&#8221; header_font=&#8221;||||||||&#8221; header_3_font=&#8221;Playfair Display|700|||||||&#8221; header_3_font_size=&#8221;50px&#8221; header_3_line_height=&#8221;1.2em&#8221; text_font_size_tablet=&#8221;&#8221; text_font_size_phone=&#8221;16px&#8221; text_font_size_last_edited=&#8221;on|phone&#8221; header_3_font_size_tablet=&#8221;40px&#8221; header_3_font_size_phone=&#8221;30px&#8221; header_3_font_size_last_edited=&#8221;on|phone&#8221; locked=&#8221;off&#8221; border_width_all=&#8221;2px&#8221; border_color_all=&#8221;#2e444e&#8221; border_style_all=&#8221;dashed&#8221; box_shadow_style=&#8221;preset6&#8243; box_shadow_spread=&#8221;11px&#8221; box_shadow_position=&#8221;outer&#8221; custom_padding=&#8221;5px|20px|5px|20px|true|true&#8221; custom_padding_last_edited=&#8221;on|desktop&#8221; hover_enabled=&#8221;0&#8243;]<\/p>\n<h5><strong>Concezione, design e programmazione:<\/strong><\/h5>\n<p>&nbsp;<\/p>\n<p>kurisMEDiA di Raffeiner Kurt<\/p>\n<p><a href=\"mailto:info@kurismedia.com\">info@kurismedia.com<\/a><\/p>\n<p><a href=\"https:\/\/www.kurismedia.com\/\">www.kurismedia.com<\/a><\/p>\n<p>&nbsp;<\/p>\n<p><img loading=\"lazy\" decoding=\"async\" class=\"wp-image-118 alignnone size-medium\" src=\"https:\/\/www.haflinger-royal.com\/wp-content\/uploads\/2020\/03\/kurismedia_rund-300x300.png\" alt=\"\" width=\"182\" height=\"182\" \/><\/p>\n<p>&nbsp;<\/p>\n<p>&nbsp;<br \/>\n[\/et_pb_text][\/et_pb_column][\/et_pb_row][et_pb_row column_structure=&#8221;1_2,1_2&#8243; use_custom_gutter=&#8221;on&#8221; gutter_width=&#8221;1&#8243; _builder_version=&#8221;4.1&#8243;][et_pb_column type=&#8221;1_2&#8243; _builder_version=&#8221;4.0.9&#8243;][et_pb_image src=&#8221;https:\/\/www.haflinger-royal.com\/wp-content\/uploads\/2020\/04\/Haflinger-Royal-2.jpeg&#8221; _builder_version=&#8221;4.4.2&#8243; custom_margin=&#8221;|||-10vw|false|false&#8221; hover_enabled=&#8221;0&#8243;][\/et_pb_image][\/et_pb_column][et_pb_column type=&#8221;1_2&#8243; _builder_version=&#8221;4.1&#8243; background_color=&#8221;rgba(225,204,165,0.43)&#8221; custom_padding=&#8221;100px|50px|100px|50px|true|true&#8221;][et_pb_toggle title=&#8221;1. Contenuto&#8221; _builder_version=&#8221;4.4.2&#8243; hover_enabled=&#8221;0&#8243; open=&#8221;on&#8221;]I contenuti e le informazioni presenti su questo sito Web sono stati da noi accuratamente controllati. Ci\u00f2 nonostante non ci assumiamo alcuna responsabilit\u00e0 n\u00e9 forniamo garanzie circa la loro esattezza e completezza. Ci riserviamo il diritto di aggiornare, modificare o integrare senza preavviso le informazioni messe a disposizione.<br \/>\n[\/et_pb_toggle][et_pb_toggle title=&#8221;2. Rimandi e link&#8221; _builder_version=&#8221;4.4.2&#8243; hover_enabled=&#8221;0&#8243;]Non ci assumiamo alcuna responsabilit\u00e0 per i contenuti dei link esterni. La responsabilit\u00e0 per il contenuto delle pagine visitabili tramite i link \u00e8 esclusivamente dei gestori delle pagine.<br \/>\n[\/et_pb_toggle][et_pb_toggle title=&#8221;3. Copyright (diritto d&#8217;autore e dei segni distintivi)&#8221; _builder_version=&#8221;4.4.2&#8243; hover_enabled=&#8221;0&#8243;]Il contenuto di questo sito Web \u00e8 protetto da copyright e non pu\u00f2 essere riprodotto o utilizzato in altre pubblicazioni stampate o elettroniche senza la nostra espressa autorizzazione.<br \/>\n[\/et_pb_toggle][et_pb_toggle title=&#8221;4. SSL- codifica&#8221; _builder_version=&#8221;4.4.2&#8243; hover_enabled=&#8221;0&#8243;]Questo sito utilizza la crittografia SSL per motivi di sicurezza e per la protezione della trasmissione di contenuti riservati, come le richieste inviate a noi come operatore del sito. Una connessione crittografata indica che la linea di indirizzo del browser cambia da \u201chttp\u201d a \u201chttps\u201d e dall\u2019icona di blocco nella linea del browser.<br \/>\nSe la crittografia SSL \u00e8 attivata, i dati che ci trasferiscono non possono essere letti da terzi.<br \/>\n[\/et_pb_toggle][et_pb_toggle title=&#8221;5. Validit\u00e0 giuridica&#8221; _builder_version=&#8221;4.4.2&#8243; hover_enabled=&#8221;0&#8243;]Qualora parti o singole formulazioni del presente testo non corrispondano, non corrispondano pi\u00f9 o non corrispondano integralmente alla vigente situazione giuridica, restano comunque immutati il contenuto e la validit\u00e0 delle altre parti del documento. Dall\u2019uso del sito Web non deriva alcun diritto n\u00e9 alcun contratto. Le controversie giuridiche sono risolte presso il Tribunale per noi competente.<br \/>\n[\/et_pb_toggle][et_pb_toggle title=&#8221;6. Google Analytics&#8221; _builder_version=&#8221;4.4.2&#8243; hover_enabled=&#8221;0&#8243;]Avvertiamo, che su questo sito \u00e8 in uso Google Analytics, un servizio analitico della Google Inc. (\u201cGoogle\u201d).<br \/>\n[\/et_pb_toggle][et_pb_toggle title=&#8221;7. Google Maps&#8221; _builder_version=&#8221;4.4.2&#8243; hover_enabled=&#8221;0&#8243;]Integriamo le mappe del servizio \u201cGoogle Maps\u201d del fornitore Google LLC, 1600 Amphitheatre Parkway, Mountain View, CA 94043, USA. Tra i dati trattati possono rientrare in particolare gli indirizzi IP e i dati di posizione degli utenti, questi tuttavia non vengono acquisiti senza il loro consenso (di norma nell\u2019ambito delle impostazioni dei loro apparecchi mobili). I dati possono essere trattati negli USA.<\/p>\n<p>Informativa sulla privacy:\u00a0<a href=\"https:\/\/www.google.com\/policies\/privacy\/\">https:\/\/www.google.com\/policies\/privacy\/<\/a>, Opt-Out:\u00a0<a href=\"https:\/\/adssettings.google.com\/authenticated\">https:\/\/adssettings.google.com\/authenticated<\/a><br \/>\n[\/et_pb_toggle][et_pb_toggle title=&#8221;8. Google Fonts&#8221; _builder_version=&#8221;4.4.2&#8243; hover_enabled=&#8221;0&#8243;]Integriamo i font (\u201cGoogle Fonts\u201d) del provider Google LLC, 1600 Amphitheatre Parkway, Mountain View, CA 94043, USA. Informativa sulla privacy:\u00a0<a href=\"https:\/\/www.google.com\/policies\/privacy\/\">https:\/\/www.google.com\/policies\/privacy\/<\/a>, Opt-Out:\u00a0<a href=\"https:\/\/adssettings.google.com\/authenticated\">https:\/\/adssettings.google.com\/authenticated<\/a><br \/>\n[\/et_pb_toggle][et_pb_toggle title=&#8221;9. Video, musica &amp; immagini&#8221; _builder_version=&#8221;4.4.2&#8243; hover_enabled=&#8221;0&#8243;]\u00a9 kurisMEDiA di Raffeiner Kurt, Katja Mueller, Slawik.com Photography, FotoArmin.com<br \/>\n[\/et_pb_toggle][et_pb_toggle title=&#8221;10. Risoluzione delle controversie online (ODR)&#8221; _builder_version=&#8221;4.4.2&#8243; hover_enabled=&#8221;0&#8243;]Informazione obbligatoria ai sensi del Regolamento UE n. 524\/2016 del Parlamento europeo e del Consiglio Piattaforma per la risoluzione delle controversie online dei consumatori (ODR) della Commissione europea:\u00a0<a href=\"https:\/\/www.ec.europa.eu\/consumers\/odr\">https:\/\/www.ec.europa.eu\/consumers\/odr<\/a><br \/>\n[\/et_pb_toggle][\/et_pb_column][\/et_pb_row][\/et_pb_section]<\/p>\n","protected":false},"excerpt":{"rendered":"<p>Credits Committente e responsabile per i contenuti: &nbsp; Mueller Katja Sede legale: Via Monteleone 1 39010 \u2013 Cermes (BZ) Alto Adige \u2013 Italia P.IVA.\u00a0\u00a003015900214 Cod.Fisc. \u00a0MLLKTJ79A67I729I PEC Email: katja.mueller@pec.sbb.it Email: info@haflinger-royal.com Sito web: www.haflinger-royal.com Tel.: +39-339-760-1396 Codice destinatario: katja.mueller@pec.sbb.it Camera di Commercio di Bolzano REA BZ \u2013 224687Concezione, design e programmazione: &nbsp; kurisMEDiA di Raffeiner [&hellip;]<\/p>\n","protected":false},"author":1,"featured_media":0,"parent":0,"menu_order":0,"comment_status":"closed","ping_status":"closed","template":"","meta":{"_et_pb_use_builder":"on","_et_pb_old_content":"","_et_gb_content_width":"","footnotes":""},"class_list":["post-984","page","type-page","status-publish","hentry"],"aioseo_notices":[],"_links":{"self":[{"href":"https:\/\/www.haflinger-royal.com\/it\/wp-json\/wp\/v2\/pages\/984","targetHints":{"allow":["GET"]}}],"collection":[{"href":"https:\/\/www.haflinger-royal.com\/it\/wp-json\/wp\/v2\/pages"}],"about":[{"href":"https:\/\/www.haflinger-royal.com\/it\/wp-json\/wp\/v2\/types\/page"}],"author":[{"embeddable":true,"href":"https:\/\/www.haflinger-royal.com\/it\/wp-json\/wp\/v2\/users\/1"}],"replies":[{"embeddable":true,"href":"https:\/\/www.haflinger-royal.com\/it\/wp-json\/wp\/v2\/comments?post=984"}],"version-history":[{"count":0,"href":"https:\/\/www.haflinger-royal.com\/it\/wp-json\/wp\/v2\/pages\/984\/revisions"}],"wp:attachment":[{"href":"https:\/\/www.haflinger-royal.com\/it\/wp-json\/wp\/v2\/media?parent=984"}],"curies":[{"name":"wp","href":"https:\/\/api.w.org\/{rel}","templated":true}]}}