{"id":976,"date":"2020-04-02T15:44:56","date_gmt":"2020-04-02T14:44:56","guid":{"rendered":"https:\/\/www.haflinger-royal.com\/giumente\/"},"modified":"2020-04-17T09:54:10","modified_gmt":"2020-04-17T08:54:10","slug":"fattrici","status":"publish","type":"page","link":"https:\/\/www.haflinger-royal.com\/it\/fattrici\/","title":{"rendered":"Fattrici"},"content":{"rendered":"<p>[et_pb_section fb_built=&#8221;1&#8243; admin_label=&#8221;Header&#8221; _builder_version=&#8221;4.4.2&#8243; background_color_gradient_direction=&#8221;140deg&#8221; background_image=&#8221;https:\/\/www.haflinger-royal.com\/wp-content\/uploads\/2020\/04\/Zumba-Royal-5.jpeg&#8221; max_width=&#8221;90%&#8221; custom_padding=&#8221;6vw||6vw|10vw|true|false&#8221; box_shadow_style=&#8221;preset4&#8243; box_shadow_horizontal=&#8221;30vw&#8221; box_shadow_vertical=&#8221;-15vw&#8221; box_shadow_color=&#8221;#dcc59d&#8221; locked=&#8221;off&#8221;][et_pb_row _builder_version=&#8221;4.0.9&#8243; width=&#8221;90%&#8221; max_width=&#8221;none&#8221; locked=&#8221;off&#8221;][et_pb_column type=&#8221;4_4&#8243; _builder_version=&#8221;4.0.9&#8243;][et_pb_text _builder_version=&#8221;4.4.2&#8243; header_font=&#8221;Playfair Display|700|||||||&#8221; header_text_color=&#8221;#ffffff&#8221; header_font_size=&#8221;100px&#8221; header_line_height=&#8221;1.2em&#8221; header_2_font=&#8221;Playfair Display|700|||||||&#8221; header_2_font_size=&#8221;20px&#8221; header_2_line_height=&#8221;1.2em&#8221; header_font_size_tablet=&#8221;60px&#8221; header_font_size_phone=&#8221;40px&#8221; header_font_size_last_edited=&#8221;on|phone&#8221; locked=&#8221;off&#8221;]<\/p>\n<h1>Fattrici<\/h1>\n<p>[\/et_pb_text][\/et_pb_column][\/et_pb_row][\/et_pb_section][et_pb_section fb_built=&#8221;1&#8243; admin_label=&#8221;Portfolio&#8221; _builder_version=&#8221;4.4.2&#8243; background_enable_image=&#8221;off&#8221; background_size=&#8221;initial&#8221; background_position=&#8221;center_right&#8221; background_last_edited=&#8221;on|phone&#8221; background_enable_image_tablet=&#8221;off&#8221; locked=&#8221;off&#8221;][et_pb_row column_structure=&#8221;1_2,1_2&#8243; _builder_version=&#8221;4.0.9&#8243;][et_pb_column type=&#8221;1_2&#8243; _builder_version=&#8221;4.0.9&#8243;][et_pb_image src=&#8221;https:\/\/www.haflinger-royal.com\/wp-content\/uploads\/2020\/04\/Uganda-1.jpg&#8221; _builder_version=&#8221;4.4.2&#8243;][\/et_pb_image][et_pb_button button_text=&#8221;+39-339-760-1396&#8243; button_alignment=&#8221;right&#8221; _builder_version=&#8221;4.4.2&#8243; custom_button=&#8221;on&#8221; button_text_size=&#8221;17px&#8221; button_text_color=&#8221;#ffffff&#8221; button_bg_color=&#8221;#2e444e&#8221; button_border_width=&#8221;0px&#8221; button_border_radius=&#8221;0px&#8221; button_font=&#8221;|700|||||||&#8221; button_icon=&#8221;%%104%%&#8221; transform_translate=&#8221;0px|-8px&#8221; transform_translate_linked=&#8221;off&#8221; custom_margin=&#8221;||||false|false&#8221; custom_padding=&#8221;10px|130px|4px|100px|false|false&#8221; locked=&#8221;off&#8221; custom_padding__hover_enabled=&#8221;on|hover&#8221; custom_padding__hover=&#8221;6px||8px||false|false&#8221; custom_margin__hover_enabled=&#8221;off|desktop&#8221; transform_styles__hover_enabled=&#8221;on|hover&#8221; transform_scale__hover_enabled=&#8221;on|hover&#8221; transform_translate__hover_enabled=&#8221;on|hover&#8221; transform_translate__hover=&#8221;0px|0px&#8221;][\/et_pb_button][\/et_pb_column][et_pb_column type=&#8221;1_2&#8243; _builder_version=&#8221;4.0.9&#8243; custom_padding=&#8221;30px||||false|false&#8221; custom_padding_tablet=&#8221;0px||||false|false&#8221; custom_padding_phone=&#8221;&#8221; custom_padding_last_edited=&#8221;on|tablet&#8221;][et_pb_text _builder_version=&#8221;4.4.2&#8243; text_font_size=&#8221;18px&#8221; text_line_height=&#8221;2em&#8221; header_font=&#8221;||||||||&#8221; header_3_font=&#8221;Playfair Display|700|||||||&#8221; header_3_font_size=&#8221;24px&#8221; header_3_line_height=&#8221;1.6em&#8221; header_4_font=&#8221;|700|||||||&#8221; header_4_text_color=&#8221;#dcc59d&#8221; header_4_font_size=&#8221;16px&#8221; header_4_line_height=&#8221;1.4em&#8221; text_orientation=&#8221;justified&#8221; max_width=&#8221;800px&#8221; custom_margin=&#8221;-17px|||||&#8221; text_font_size_tablet=&#8221;&#8221; text_font_size_phone=&#8221;18px&#8221; text_font_size_last_edited=&#8221;on|desktop&#8221; header_3_font_size_tablet=&#8221;&#8221; header_3_font_size_phone=&#8221;&#8221; header_3_font_size_last_edited=&#8221;on|desktop&#8221; locked=&#8221;off&#8221;]Siete alla ricerca di un partner per il tempo libero con una forte personalit\u00e0? Cercate una fattrice con caratteristiche al top? Volete un affascinante giovane cavallo proveniente dalla zona di riproduzione originale?<\/p>\n<p>Siete capitati nel posto giusto!<\/p>\n<p>Ho sempre cavalli in vendita, sia miei che dei miei selezionati allevatori! Sar\u00f2 felice di consigliarvi e supportarvi nella ricerca di un cavallo, nell&#8217;organizzazione del trasporto e di tutto ci\u00f2 che vi servir\u00e0.<\/p>\n<p>Aspetto una vostra chiamata![\/et_pb_text][\/et_pb_column][\/et_pb_row][et_pb_row _builder_version=&#8221;4.4.2&#8243;][et_pb_column type=&#8221;4_4&#8243; _builder_version=&#8221;4.4.2&#8243;][et_pb_blog include_categories=&#8221;6&#8243; use_manual_excerpt=&#8221;off&#8221; show_more=&#8221;on&#8221; show_author=&#8221;off&#8221; show_date=&#8221;off&#8221; show_categories=&#8221;off&#8221; show_excerpt=&#8221;off&#8221; show_pagination=&#8221;off&#8221; show_more_tablet=&#8221;&#8221; show_more_phone=&#8221;&#8221; show_more_last_edited=&#8221;on|desktop&#8221; _builder_version=&#8221;4.4.2&#8243; header_font=&#8221;|||on|on|||#fd8c03|&#8221; header_text_align=&#8221;center&#8221; header_text_color=&#8221;#fd8c03&#8243; header_font_size=&#8221;40px&#8221; body_font=&#8221;|700|||||||&#8221; body_text_align=&#8221;right&#8221; body_text_color=&#8221;#000000&#8243; body_font_size=&#8221;20px&#8221; header_font_size_tablet=&#8221;&#8221; header_font_size_phone=&#8221;&#8221; header_font_size_last_edited=&#8221;on|phone&#8221; border_width_all_fullwidth=&#8221;3px&#8221; body_text_color__hover=&#8221;#fd8c03&#8243; body_text_color__hover_enabled=&#8221;on|desktop&#8221; body_font_size__hover_enabled=&#8221;on|desktop&#8221; border_color_top_fullwidth=&#8221;#2e444e&#8221; border_color_all_fullwidth=&#8221;#2e444e&#8221; border_width_bottom_fullwidth=&#8221;10px&#8221; custom_padding=&#8221;0px|0px|0px|0px|false|false&#8221; custom_margin=&#8221;|0px||0px|false|true&#8221;][\/et_pb_blog][\/et_pb_column][\/et_pb_row][\/et_pb_section][et_pb_section fb_built=&#8221;1&#8243; _builder_version=&#8221;4.4.2&#8243; background_color=&#8221;#2e444e&#8221;][et_pb_row _builder_version=&#8221;4.4.2&#8243;][et_pb_column type=&#8221;4_4&#8243; _builder_version=&#8221;4.4.2&#8243;][et_pb_post_nav in_same_term=&#8221;off&#8221; _builder_version=&#8221;4.4.2&#8243; title_font=&#8221;||||on||||&#8221; title_font_size=&#8221;30px&#8221; title_font_size_tablet=&#8221;&#8221; title_font_size_phone=&#8221;&#8221; title_font_size_last_edited=&#8221;on|desktop&#8221;][\/et_pb_post_nav][\/et_pb_column][\/et_pb_row][\/et_pb_section][et_pb_section fb_built=&#8221;1&#8243; custom_padding_last_edited=&#8221;on|phone&#8221; admin_label=&#8221;Contact Info&#8221; _builder_version=&#8221;4.4.2&#8243; background_enable_image=&#8221;off&#8221; custom_padding=&#8221;||||true&#8221; custom_padding_tablet=&#8221;0px||0px||true|false&#8221; custom_padding_phone=&#8221;&#8221;][et_pb_row column_structure=&#8221;1_2,1_2&#8243; _builder_version=&#8221;4.0.9&#8243;][et_pb_column type=&#8221;1_2&#8243; _builder_version=&#8221;4.0.9&#8243;][et_pb_blurb title=&#8221;+39-339-760-1396&#8243; use_icon=&#8221;on&#8221; font_icon=&#8221;%%104%%&#8221; icon_placement=&#8221;left&#8221; use_icon_font_size=&#8221;on&#8221; icon_font_size=&#8221;50px&#8221; icon_font_size_tablet=&#8221;&#8221; icon_font_size_phone=&#8221;40px&#8221; icon_font_size_last_edited=&#8221;on|phone&#8221; _builder_version=&#8221;4.4.2&#8243; header_text_color=&#8221;#fd8c03&#8243; header_font_size=&#8221;30px&#8221; header_line_height=&#8221;1.5em&#8221; header_font_size_tablet=&#8221;&#8221; header_font_size_phone=&#8221;20px&#8221; header_font_size_last_edited=&#8221;on|phone&#8221; header_line_height_tablet=&#8221;&#8221; header_line_height_phone=&#8221;2em&#8221; header_line_height_last_edited=&#8221;on|desktop&#8221;][\/et_pb_blurb][\/et_pb_column][et_pb_column type=&#8221;1_2&#8243; _builder_version=&#8221;4.0.9&#8243;][et_pb_blurb title=&#8221;info@haflinger-royal.com&#8221; url=&#8221;mailto:info@haflinger-royal.com&#8221; use_icon=&#8221;on&#8221; font_icon=&#8221;%%109%%&#8221; icon_placement=&#8221;left&#8221; use_icon_font_size=&#8221;on&#8221; icon_font_size=&#8221;50px&#8221; icon_font_size_tablet=&#8221;50px&#8221; icon_font_size_phone=&#8221;&#8221; icon_font_size_last_edited=&#8221;on|desktop&#8221; _builder_version=&#8221;4.4.2&#8243; header_text_color=&#8221;#fd8c03&#8243; header_font_size=&#8221;30px&#8221; header_line_height=&#8221;1.5em&#8221; link_option_url=&#8221;mailto:info@haflinger-royal.com&#8221; header_font_size_tablet=&#8221;&#8221; header_font_size_phone=&#8221;20px&#8221; header_font_size_last_edited=&#8221;on|desktop&#8221; header_line_height_tablet=&#8221;&#8221; header_line_height_phone=&#8221;2em&#8221; header_line_height_last_edited=&#8221;on|desktop&#8221;][\/et_pb_blurb][\/et_pb_column][\/et_pb_row][et_pb_row column_structure=&#8221;1_4,1_4,1_2&#8243; _builder_version=&#8221;4.0.9&#8243;][et_pb_column type=&#8221;1_4&#8243; _builder_version=&#8221;4.0.9&#8243;][et_pb_text _builder_version=&#8221;4.4.2&#8243; text_font_size=&#8221;20px&#8221; text_line_height=&#8221;1.8em&#8221; header_font=&#8221;||||||||&#8221; header_2_font=&#8221;Playfair Display|700|||||||&#8221; header_2_font_size=&#8221;30px&#8221; header_2_line_height=&#8221;1.8em&#8221; max_width=&#8221;800px&#8221; module_alignment=&#8221;center&#8221; link_option_url=&#8221;#&#8221; text_font_size_tablet=&#8221;&#8221; text_font_size_phone=&#8221;16px&#8221; text_font_size_last_edited=&#8221;on|desktop&#8221; header_2_font_size_tablet=&#8221;&#8221; header_2_font_size_phone=&#8221;&#8221; header_2_font_size_last_edited=&#8221;on|desktop&#8221; locked=&#8221;off&#8221;]<\/p>\n<h2>Indirizzo<\/h2>\n<p>Via Monteleone 1<br \/>\nI-39010 Cermes (BZ)[\/et_pb_text][et_pb_image src=&#8221;https:\/\/www.haflinger-royal.com\/wp-content\/uploads\/2020\/04\/Alto_EU_RGB.png&#8221; url=&#8221;https:\/\/suedtirol.info\/it&#8221; _builder_version=&#8221;4.4.3&#8243; transform_scale_tablet=&#8221;&#8221; transform_scale_phone=&#8221;&#8221; transform_scale_last_edited=&#8221;on|desktop&#8221; transform_translate=&#8221;0px|42px&#8221; transform_translate_tablet=&#8221;&#8221; transform_translate_phone=&#8221;0px|0px&#8221; transform_translate_last_edited=&#8221;on|desktop&#8221; transform_translate_linked_phone=&#8221;off&#8221; transform_rotate_tablet=&#8221;&#8221; transform_rotate_phone=&#8221;&#8221; transform_rotate_last_edited=&#8221;on|desktop&#8221; transform_skew_tablet=&#8221;&#8221; transform_skew_phone=&#8221;&#8221; transform_skew_last_edited=&#8221;on|desktop&#8221; transform_origin_tablet=&#8221;&#8221; transform_origin_phone=&#8221;&#8221; transform_origin_last_edited=&#8221;on|desktop&#8221; transform_styles_last_edited=&#8221;on|desktop&#8221; custom_margin=&#8221;-2px|||||&#8221; custom_padding=&#8221;||0px|||&#8221; transform_styles_tablet=&#8221;&#8221; transform_styles_phone=&#8221;&#8221;][\/et_pb_image][\/et_pb_column][et_pb_column type=&#8221;1_4&#8243; _builder_version=&#8221;4.0.9&#8243;][et_pb_text _builder_version=&#8221;4.4.2&#8243; text_font_size=&#8221;20px&#8221; text_line_height=&#8221;1.8em&#8221; header_font=&#8221;||||||||&#8221; header_2_font=&#8221;Playfair Display|700|||||||&#8221; header_2_font_size=&#8221;30px&#8221; header_2_line_height=&#8221;1.8em&#8221; max_width=&#8221;800px&#8221; module_alignment=&#8221;center&#8221; custom_margin=&#8221;||13px|||&#8221; link_option_url=&#8221;#&#8221; text_font_size_tablet=&#8221;&#8221; text_font_size_phone=&#8221;16px&#8221; text_font_size_last_edited=&#8221;on|desktop&#8221; header_2_font_size_tablet=&#8221;&#8221; header_2_font_size_phone=&#8221;&#8221; header_2_font_size_last_edited=&#8221;on|desktop&#8221; locked=&#8221;off&#8221;]<\/p>\n<h2>Su Facebook<\/h2>\n<p>[\/et_pb_text][et_pb_social_media_follow follow_button=&#8221;on&#8221; icon_color=&#8221;#fd8c03&#8243; use_icon_font_size=&#8221;on&#8221; _builder_version=&#8221;4.4.2&#8243; text_orientation=&#8221;center&#8221; border_radii=&#8221;on|100px|100px|100px|100px&#8221; box_shadow_style=&#8221;preset3&#8243; box_shadow_vertical=&#8221;10px&#8221; box_shadow_blur=&#8221;20px&#8221; box_shadow_spread=&#8221;0px&#8221; box_shadow_color=&#8221;rgba(0,0,0,0.1)&#8221; locked=&#8221;off&#8221;][et_pb_social_media_follow_network social_network=&#8221;facebook&#8221; url=&#8221;https:\/\/www.facebook.com\/HaflingerGest%C3%BCt-Schloss-Baslan-1773698026207844\/&#8221; _builder_version=&#8221;4.4.2&#8243; background_color=&#8221;#ffffff&#8221; background_enable_color=&#8221;on&#8221; custom_margin=&#8221;|0px|||false|false&#8221; custom_padding=&#8221;10px|10px|10px|10px|true|true&#8221; follow_button=&#8221;on&#8221; url_new_window=&#8221;on&#8221;]facebook[\/et_pb_social_media_follow_network][\/et_pb_social_media_follow][et_pb_image src=&#8221;https:\/\/www.haflinger-royal.com\/wp-content\/uploads\/2020\/01\/Haflinger_Royal-300&#215;268.png&#8221; _builder_version=&#8221;4.4.3&#8243;][\/et_pb_image][\/et_pb_column][et_pb_column type=&#8221;1_2&#8243; _builder_version=&#8221;4.0.9&#8243;][et_pb_contact_form captcha=&#8221;off&#8221; email=&#8221;info@haflinger-royal.com&#8221; custom_message=&#8221;Anfrage \u00fcber das Kontaktformular der Webseite||et_pb_line_break_holder||||et_pb_line_break_holder||||et_pb_line_break_holder||Name: %%Name%%||et_pb_line_break_holder||||et_pb_line_break_holder||Email: %%Email%%||et_pb_line_break_holder||||et_pb_line_break_holder||Mitteilung: %%Mitteilung%%||et_pb_line_break_holder||||et_pb_line_break_holder||||et_pb_line_break_holder||Datenschutzerkl\u00e4rung zugestimmt: %%Privacy%%&#8221; submit_button_text=&#8221;Invia&#8221; _builder_version=&#8221;4.4.3&#8243; form_field_background_color=&#8221;#f5f6f7&#8243; form_field_custom_margin=&#8221;||||false|false&#8221; title_level=&#8221;h3&#8243; title_font=&#8221;Playfair Display|700|||||||&#8221; title_font_size=&#8221;50px&#8221; title_line_height=&#8221;1.2em&#8221; form_field_font=&#8221;||||||||&#8221; form_field_font_size=&#8221;16px&#8221; form_field_line_height=&#8221;1.8em&#8221; custom_button=&#8221;on&#8221; button_text_size=&#8221;12px&#8221; button_text_color=&#8221;#ffffff&#8221; button_bg_color=&#8221;#fd8c03&#8243; button_bg_color_gradient_start=&#8221;#ffcfaa&#8221; button_bg_color_gradient_end=&#8221;#fa6eb9&#8243; button_bg_color_gradient_direction=&#8221;90deg&#8221; button_border_width=&#8221;0px&#8221; button_border_radius=&#8221;100px&#8221; button_letter_spacing=&#8221;4px&#8221; button_font=&#8221;|700||on|||||&#8221; button_custom_padding=&#8221;20px|40px|20px|40px|true|true&#8221; link_option_url=&#8221;#&#8221; title_font_size_tablet=&#8221;40px&#8221; title_font_size_phone=&#8221;30px&#8221; title_font_size_last_edited=&#8221;on|phone&#8221; box_shadow_style_button=&#8221;preset3&#8243; box_shadow_vertical_button=&#8221;10px&#8221; box_shadow_blur_button=&#8221;20px&#8221; box_shadow_spread_button=&#8221;0px&#8221; box_shadow_color_button=&#8221;rgba(253,140,3,0.5)&#8221;][et_pb_contact_field field_id=&#8221;Name&#8221; field_title=&#8221;Nome&#8221; fullwidth_field=&#8221;on&#8221; _builder_version=&#8221;4.4.2&#8243; form_field_text_color=&#8221;#000000&#8243; button_text_size__hover_enabled=&#8221;off&#8221; button_one_text_size__hover_enabled=&#8221;off&#8221; button_two_text_size__hover_enabled=&#8221;off&#8221; button_text_color__hover_enabled=&#8221;off&#8221; button_one_text_color__hover_enabled=&#8221;off&#8221; button_two_text_color__hover_enabled=&#8221;off&#8221; button_border_width__hover_enabled=&#8221;off&#8221; button_one_border_width__hover_enabled=&#8221;off&#8221; button_two_border_width__hover_enabled=&#8221;off&#8221; button_border_color__hover_enabled=&#8221;off&#8221; button_one_border_color__hover_enabled=&#8221;off&#8221; button_two_border_color__hover_enabled=&#8221;off&#8221; button_border_radius__hover_enabled=&#8221;off&#8221; button_one_border_radius__hover_enabled=&#8221;off&#8221; button_two_border_radius__hover_enabled=&#8221;off&#8221; button_letter_spacing__hover_enabled=&#8221;off&#8221; button_one_letter_spacing__hover_enabled=&#8221;off&#8221; button_two_letter_spacing__hover_enabled=&#8221;off&#8221; button_bg_color__hover_enabled=&#8221;off&#8221; button_one_bg_color__hover_enabled=&#8221;off&#8221; button_two_bg_color__hover_enabled=&#8221;off&#8221;][\/et_pb_contact_field][et_pb_contact_field field_id=&#8221;Email&#8221; field_title=&#8221;Indirizzo email&#8221; field_type=&#8221;email&#8221; fullwidth_field=&#8221;on&#8221; _builder_version=&#8221;4.4.2&#8243; form_field_text_color=&#8221;#000000&#8243; button_text_size__hover_enabled=&#8221;off&#8221; button_one_text_size__hover_enabled=&#8221;off&#8221; button_two_text_size__hover_enabled=&#8221;off&#8221; button_text_color__hover_enabled=&#8221;off&#8221; button_one_text_color__hover_enabled=&#8221;off&#8221; button_two_text_color__hover_enabled=&#8221;off&#8221; button_border_width__hover_enabled=&#8221;off&#8221; button_one_border_width__hover_enabled=&#8221;off&#8221; button_two_border_width__hover_enabled=&#8221;off&#8221; button_border_color__hover_enabled=&#8221;off&#8221; button_one_border_color__hover_enabled=&#8221;off&#8221; button_two_border_color__hover_enabled=&#8221;off&#8221; button_border_radius__hover_enabled=&#8221;off&#8221; button_one_border_radius__hover_enabled=&#8221;off&#8221; button_two_border_radius__hover_enabled=&#8221;off&#8221; button_letter_spacing__hover_enabled=&#8221;off&#8221; button_one_letter_spacing__hover_enabled=&#8221;off&#8221; button_two_letter_spacing__hover_enabled=&#8221;off&#8221; button_bg_color__hover_enabled=&#8221;off&#8221; button_one_bg_color__hover_enabled=&#8221;off&#8221; button_two_bg_color__hover_enabled=&#8221;off&#8221;][\/et_pb_contact_field][et_pb_contact_field field_id=&#8221;Mitteilung&#8221; field_title=&#8221;Mesaggio&#8221; field_type=&#8221;text&#8221; fullwidth_field=&#8221;on&#8221; _builder_version=&#8221;4.4.3&#8243; form_field_text_color=&#8221;#000000&#8243; button_text_size__hover_enabled=&#8221;off&#8221; button_one_text_size__hover_enabled=&#8221;off&#8221; button_two_text_size__hover_enabled=&#8221;off&#8221; button_text_color__hover_enabled=&#8221;off&#8221; button_one_text_color__hover_enabled=&#8221;off&#8221; button_two_text_color__hover_enabled=&#8221;off&#8221; button_border_width__hover_enabled=&#8221;off&#8221; button_one_border_width__hover_enabled=&#8221;off&#8221; button_two_border_width__hover_enabled=&#8221;off&#8221; button_border_color__hover_enabled=&#8221;off&#8221; button_one_border_color__hover_enabled=&#8221;off&#8221; button_two_border_color__hover_enabled=&#8221;off&#8221; button_border_radius__hover_enabled=&#8221;off&#8221; button_one_border_radius__hover_enabled=&#8221;off&#8221; button_two_border_radius__hover_enabled=&#8221;off&#8221; button_letter_spacing__hover_enabled=&#8221;off&#8221; button_one_letter_spacing__hover_enabled=&#8221;off&#8221; button_two_letter_spacing__hover_enabled=&#8221;off&#8221; button_bg_color__hover_enabled=&#8221;off&#8221; button_one_bg_color__hover_enabled=&#8221;off&#8221; button_two_bg_color__hover_enabled=&#8221;off&#8221;][\/et_pb_contact_field][et_pb_contact_field field_id=&#8221;Privacy&#8221; field_title=&#8221;Accetto le norme sulla protezione dei dati&#8221; field_type=&#8221;checkbox&#8221; checkbox_options=&#8221;%91{%22value%22:%22 %22,%22checked%22:0,%22dragID%22:-1,%22link_url%22:%22https:\/\/www.haflinger-royal.com\/privacy-policy%22,%22link_text%22:%22(Privacy Policy)%22}%93&#8243; fullwidth_field=&#8221;on&#8221; _builder_version=&#8221;4.4.3&#8243; form_field_text_color=&#8221;#000000&#8243;][\/et_pb_contact_field][\/et_pb_contact_form][\/et_pb_column][\/et_pb_row][\/et_pb_section]<\/p>\n","protected":false},"excerpt":{"rendered":"<p>FattriciSiete alla ricerca di un partner per il tempo libero con una forte personalit\u00e0? Cercate una fattrice con caratteristiche al top? Volete un affascinante giovane cavallo proveniente dalla zona di riproduzione originale? Siete capitati nel posto giusto! Ho sempre cavalli in vendita, sia miei che dei miei selezionati allevatori! Sar\u00f2 felice di consigliarvi e supportarvi [&hellip;]<\/p>\n","protected":false},"author":1,"featured_media":0,"parent":0,"menu_order":0,"comment_status":"closed","ping_status":"closed","template":"","meta":{"_et_pb_use_builder":"on","_et_pb_old_content":"","_et_gb_content_width":"","footnotes":""},"class_list":["post-976","page","type-page","status-publish","hentry"],"aioseo_notices":[],"_links":{"self":[{"href":"https:\/\/www.haflinger-royal.com\/it\/wp-json\/wp\/v2\/pages\/976","targetHints":{"allow":["GET"]}}],"collection":[{"href":"https:\/\/www.haflinger-royal.com\/it\/wp-json\/wp\/v2\/pages"}],"about":[{"href":"https:\/\/www.haflinger-royal.com\/it\/wp-json\/wp\/v2\/types\/page"}],"author":[{"embeddable":true,"href":"https:\/\/www.haflinger-royal.com\/it\/wp-json\/wp\/v2\/users\/1"}],"replies":[{"embeddable":true,"href":"https:\/\/www.haflinger-royal.com\/it\/wp-json\/wp\/v2\/comments?post=976"}],"version-history":[{"count":0,"href":"https:\/\/www.haflinger-royal.com\/it\/wp-json\/wp\/v2\/pages\/976\/revisions"}],"wp:attachment":[{"href":"https:\/\/www.haflinger-royal.com\/it\/wp-json\/wp\/v2\/media?parent=976"}],"curies":[{"name":"wp","href":"https:\/\/api.w.org\/{rel}","templated":true}]}}